{"id":20,"date":"2019-01-04T15:49:02","date_gmt":"2019-01-04T14:49:02","guid":{"rendered":"http:\/\/fundacjasilesia.you2.pl\/?page_id=20"},"modified":"2021-11-28T23:52:17","modified_gmt":"2021-11-28T22:52:17","slug":"o-fundacji","status":"publish","type":"page","link":"http:\/\/fundacjasilesia.eu\/?page_id=20","title":{"rendered":"O FUNDACJI"},"content":{"rendered":"\n<h3>Fundacja &#8222;SILESIA&#8221;<\/h3>\n\n\n\n<div class=\"wp-block-image\"><figure class=\"alignleft is-resized\"><img loading=\"lazy\" src=\"http:\/\/fundacjasilesia.eu\/wp-content\/uploads\/2019\/01\/Tarcza-v2-trans.png\" alt=\"\" class=\"wp-image-167\" width=\"206\" height=\"223\" srcset=\"http:\/\/fundacjasilesia.eu\/wp-content\/uploads\/2019\/01\/Tarcza-v2-trans.png 593w, http:\/\/fundacjasilesia.eu\/wp-content\/uploads\/2019\/01\/Tarcza-v2-trans-276x300.png 276w\" sizes=\"(max-width: 206px) 100vw, 206px\" \/><\/figure><\/div>\n\n\n\n<p class=\"has-text-align-center\">ul Grunwaldzka  10, 45-054 Opole<\/p>\n\n\n\n<p class=\"has-text-align-center\">NIP 754 319 84 58<\/p>\n\n\n\n<p class=\"has-text-align-center\">REGON 382012228<\/p>\n\n\n\n<p class=\"has-text-align-center\">KRS 0000759524<\/p>\n\n\n\n<p><\/p>\n\n\n\n<hr class=\"wp-block-separator\"\/>\n\n\n\n<p>  <\/p>\n\n\n\n<h2><strong>kontakt@fundacjasilesia.eu<\/strong><\/h2>\n\n\n\n<p>lub<strong> fundacja.silesia@outlook.com<\/strong><\/p>\n\n\n\n<hr class=\"wp-block-separator\"\/>\n\n\n\n<h3>Telefony kontaktowe:<\/h3>\n\n\n\n<ul><li><strong>Opole:<\/strong> 508701945<\/li><li><strong>K-Ko\u017ale: <\/strong>607838389<\/li><\/ul>\n\n\n\n<hr class=\"wp-block-separator\"\/>\n\n\n\n<div class=\"wp-block-cover has-background-dim-60 has-background-dim\"><img loading=\"lazy\" width=\"1535\" height=\"1022\" class=\"wp-block-cover__image-background wp-image-435\" alt=\"\" src=\"http:\/\/fundacjasilesia.eu\/wp-content\/uploads\/2019\/02\/VTKreuzgruppeHalbe.jpg\" data-object-fit=\"cover\" srcset=\"http:\/\/fundacjasilesia.eu\/wp-content\/uploads\/2019\/02\/VTKreuzgruppeHalbe.jpg 1535w, http:\/\/fundacjasilesia.eu\/wp-content\/uploads\/2019\/02\/VTKreuzgruppeHalbe-300x200.jpg 300w, http:\/\/fundacjasilesia.eu\/wp-content\/uploads\/2019\/02\/VTKreuzgruppeHalbe-768x511.jpg 768w, http:\/\/fundacjasilesia.eu\/wp-content\/uploads\/2019\/02\/VTKreuzgruppeHalbe-1024x682.jpg 1024w, http:\/\/fundacjasilesia.eu\/wp-content\/uploads\/2019\/02\/VTKreuzgruppeHalbe-150x100.jpg 150w, http:\/\/fundacjasilesia.eu\/wp-content\/uploads\/2019\/02\/VTKreuzgruppeHalbe-225x150.jpg 225w, http:\/\/fundacjasilesia.eu\/wp-content\/uploads\/2019\/02\/VTKreuzgruppeHalbe-272x182.jpg 272w\" sizes=\"(max-width: 1535px) 100vw, 1535px\" \/><div class=\"wp-block-cover__inner-container\">\n<p class=\"has-text-align-center has-white-color has-text-color has-large-font-size\">Je\u017celi nie jest ci oboj\u0119tny los \u017co\u0142nierzy poleg\u0142ych i zaginionych podczas ostatnich dw\u00f3ch wojen \u015bwiatowych i chcesz wspom\u00f3c dzia\u0142ania statutowe naszej fundacji, mo\u017cesz przekaza\u0107 darowizn\u0119 na poni\u017csze konta:<br><br> <br>PLN  25 2530 0008 2011 1058 9537 0001<br>EUR  95 2530 0008 2011 1058 9537 0002<br>SWIFT:  NESBPLPW  <br><\/p>\n<\/div><\/div>\n","protected":false},"excerpt":{"rendered":"<p>Fundacja &#8222;SILESIA&#8221; ul Grunwaldzka 10, 45-054 Opole NIP 754 319 84 58 REGON 382012228 KRS 0000759524 kontakt@fundacjasilesia.eu lub fundacja.silesia@outlook.com Telefony kontaktowe: Opole: 508701945 K-Ko\u017ale: 607838389<\/p>\n","protected":false},"author":1,"featured_media":0,"parent":0,"menu_order":1,"comment_status":"closed","ping_status":"closed","template":"","meta":{"ngg_post_thumbnail":0},"categories":[],"tags":[],"_links":{"self":[{"href":"http:\/\/fundacjasilesia.eu\/index.php?rest_route=\/wp\/v2\/pages\/20"}],"collection":[{"href":"http:\/\/fundacjasilesia.eu\/index.php?rest_route=\/wp\/v2\/pages"}],"about":[{"href":"http:\/\/fundacjasilesia.eu\/index.php?rest_route=\/wp\/v2\/types\/page"}],"author":[{"embeddable":true,"href":"http:\/\/fundacjasilesia.eu\/index.php?rest_route=\/wp\/v2\/users\/1"}],"replies":[{"embeddable":true,"href":"http:\/\/fundacjasilesia.eu\/index.php?rest_route=%2Fwp%2Fv2%2Fcomments&post=20"}],"version-history":[{"count":15,"href":"http:\/\/fundacjasilesia.eu\/index.php?rest_route=\/wp\/v2\/pages\/20\/revisions"}],"predecessor-version":[{"id":978,"href":"http:\/\/fundacjasilesia.eu\/index.php?rest_route=\/wp\/v2\/pages\/20\/revisions\/978"}],"wp:attachment":[{"href":"http:\/\/fundacjasilesia.eu\/index.php?rest_route=%2Fwp%2Fv2%2Fmedia&parent=20"}],"wp:term":[{"taxonomy":"category","embeddable":true,"href":"http:\/\/fundacjasilesia.eu\/index.php?rest_route=%2Fwp%2Fv2%2Fcategories&post=20"},{"taxonomy":"post_tag","embeddable":true,"href":"http:\/\/fundacjasilesia.eu\/index.php?rest_route=%2Fwp%2Fv2%2Ftags&post=20"}],"curies":[{"name":"wp","href":"https:\/\/api.w.org\/{rel}","templated":true}]}}