{"id":26,"date":"2019-01-04T15:49:51","date_gmt":"2019-01-04T14:49:51","guid":{"rendered":"http:\/\/fundacjasilesia.you2.pl\/?page_id=26"},"modified":"2019-02-05T23:21:24","modified_gmt":"2019-02-05T22:21:24","slug":"artykuly","status":"publish","type":"page","link":"http:\/\/fundacjasilesia.eu\/?page_id=26","title":{"rendered":"ARTYKU\u0141Y"},"content":{"rendered":"\n<!-- Page-list plugin v.5.2 wordpress.org\/plugins\/page-list\/ -->\n<div class=\"page-list page-list-ext \">\n<div class=\"page-list-ext-item\"><div class=\"page-list-ext-image\"><a href=\"http:\/\/fundacjasilesia.eu\/?page_id=297\" title=\"&quot;Als der Osten Heimat war&quot;\"><img src=\"http:\/\/fundacjasilesia.eu\/wp-content\/uploads\/2019\/01\/Als-der-Osten-Heimat-war_-150x150.png\" width=\"125\" alt=\"&quot;Als der Osten Heimat war&quot;\" \/><\/a><\/div> <h3 class=\"page-list-ext-title\"><a href=\"http:\/\/fundacjasilesia.eu\/?page_id=297\" title=\"&quot;Als der Osten Heimat war&quot;\">\"Als der Osten Heimat war\"<\/a><\/h3><div class=\"page-list-ext-item-content\">Dokument opisuj\u0105cy losy \u015al\u0105ska przed i po drugiej wojnie \u015bwiatowej, zawieraj\u0105cy wiele cennych wywiad\u00f3w z mieszka\u0144cami tych teren\u00f3w.<\/div><\/div>\n<div class=\"page-list-ext-item\"><div class=\"page-list-ext-image\"><a href=\"http:\/\/fundacjasilesia.eu\/?page_id=811\" title=\"Tajny rozkaz dla pierwszej armi wojska polskiego\"><img src=\"http:\/\/fundacjasilesia.eu\/wp-content\/uploads\/2019\/02\/P2100046-e1550411355512-150x150.jpg\" width=\"125\" alt=\"Tajny rozkaz dla pierwszej armi wojska polskiego\" \/><\/a><\/div> <h3 class=\"page-list-ext-title\"><a href=\"http:\/\/fundacjasilesia.eu\/?page_id=811\" title=\"Tajny rozkaz dla pierwszej armi wojska polskiego\">Tajny rozkaz dla pierwszej armi wojska polskiego<\/a><\/h3><div class=\"page-list-ext-item-content\">Dokument ten posiadamy w oryginale. Jest to kopia radzieckiego zarz\u0105dzenia, jak post\u0119powa\u0107 z ludno\u015bci\u0105 niemiecka na zaj\u0119tych terenach. Ka\u017cdy niech oceni z w\u0142asnej perspektywy skutki tego rozkazu.<\/div><\/div>\n<div class=\"page-list-ext-item\"><div class=\"page-list-ext-image\"><a href=\"http:\/\/fundacjasilesia.eu\/?page_id=671\" title=\"Lista poleg\u0142ych\"><img src=\"http:\/\/fundacjasilesia.eu\/wp-content\/uploads\/2019\/02\/Lista-1--e1549402635983-150x150.jpg\" width=\"125\" alt=\"Lista poleg\u0142ych\" \/><\/a><\/div> <h3 class=\"page-list-ext-title\"><a href=\"http:\/\/fundacjasilesia.eu\/?page_id=671\" title=\"Lista poleg\u0142ych\">Lista poleg\u0142ych<\/a><\/h3><div class=\"page-list-ext-item-content\">Lista os\u00f3b poleg\u0142ych podczas drugiej wojny \u015bwiatowej z miejscowo\u015bci Je\u0142owa<\/div><\/div>\n<div class=\"page-list-ext-item\"><div class=\"page-list-ext-image\"><a href=\"http:\/\/fundacjasilesia.eu\/?page_id=303\" title=\"&quot;Verstaubt sind die Gesichter&quot;\"><img src=\"http:\/\/fundacjasilesia.eu\/wp-content\/uploads\/2019\/01\/verstaubt_sind_die_gesichter-150x150.png\" width=\"125\" alt=\"&quot;Verstaubt sind die Gesichter&quot;\" \/><\/a><\/div> <h3 class=\"page-list-ext-title\"><a href=\"http:\/\/fundacjasilesia.eu\/?page_id=303\" title=\"&quot;Verstaubt sind die Gesichter&quot;\">\"Verstaubt sind die Gesichter\"<\/a><\/h3><div class=\"page-list-ext-item-content\">Seria 5 kr\u00f3tkich film\u00f3w fabularnych, prezentuj\u0105ca dramat Drugiej Wojny z perspektywy \u017co\u0142nierzy niemieckich. <\/div><\/div>\n<div class=\"page-list-ext-item\"><div class=\"page-list-ext-image\"><a href=\"http:\/\/fundacjasilesia.eu\/?page_id=781\" title=\"Niemieckie zwyci\u0119stwa\"><img src=\"http:\/\/fundacjasilesia.eu\/wp-content\/uploads\/2019\/02\/Przechwytywanie-150x150.png\" width=\"125\" alt=\"Niemieckie zwyci\u0119stwa\" \/><\/a><\/div> <h3 class=\"page-list-ext-title\"><a href=\"http:\/\/fundacjasilesia.eu\/?page_id=781\" title=\"Niemieckie zwyci\u0119stwa\">Niemieckie zwyci\u0119stwa<\/a><\/h3><div class=\"page-list-ext-item-content\">Niemieckie zwyciestwa na przestrzeni wiek\u00f3w.<\/div><\/div>\n<div class=\"page-list-ext-item\"><div class=\"page-list-ext-image\"><a href=\"http:\/\/fundacjasilesia.eu\/?page_id=292\" title=\"Ci\u0119\u017cka dola \u017co\u0142nierza\"><img src=\"http:\/\/fundacjasilesia.eu\/wp-content\/uploads\/2019\/01\/Austro-Hungarian-Army-150x150.png\" width=\"125\" alt=\"Ci\u0119\u017cka dola \u017co\u0142nierza\" \/><\/a><\/div> <h3 class=\"page-list-ext-title\"><a href=\"http:\/\/fundacjasilesia.eu\/?page_id=292\" title=\"Ci\u0119\u017cka dola \u017co\u0142nierza\">Ci\u0119\u017cka dola \u017co\u0142nierza<\/a><\/h3><div class=\"page-list-ext-item-content\">Na ka\u017cdej z wojen \u017co\u0142nierze po obu stronach konfliktu prze\u017cywali niewyobra\u017calne dramaty. \n\nTutaj na przyk\u0142adzie konfliktu z Pierwszej Wojny \u015awiatowej, kiedy to wojska Austro-W\u0119gierskie walczy\u0142y z W\u0142oskimi.<\/div><\/div>\n\n<\/div>\n\n\n\n<p><\/p>\n","protected":false},"excerpt":{"rendered":"","protected":false},"author":1,"featured_media":0,"parent":0,"menu_order":3,"comment_status":"closed","ping_status":"closed","template":"","meta":{"ngg_post_thumbnail":0},"categories":[],"tags":[],"_links":{"self":[{"href":"http:\/\/fundacjasilesia.eu\/index.php?rest_route=\/wp\/v2\/pages\/26"}],"collection":[{"href":"http:\/\/fundacjasilesia.eu\/index.php?rest_route=\/wp\/v2\/pages"}],"about":[{"href":"http:\/\/fundacjasilesia.eu\/index.php?rest_route=\/wp\/v2\/types\/page"}],"author":[{"embeddable":true,"href":"http:\/\/fundacjasilesia.eu\/index.php?rest_route=\/wp\/v2\/users\/1"}],"replies":[{"embeddable":true,"href":"http:\/\/fundacjasilesia.eu\/index.php?rest_route=%2Fwp%2Fv2%2Fcomments&post=26"}],"version-history":[{"count":20,"href":"http:\/\/fundacjasilesia.eu\/index.php?rest_route=\/wp\/v2\/pages\/26\/revisions"}],"predecessor-version":[{"id":722,"href":"http:\/\/fundacjasilesia.eu\/index.php?rest_route=\/wp\/v2\/pages\/26\/revisions\/722"}],"wp:attachment":[{"href":"http:\/\/fundacjasilesia.eu\/index.php?rest_route=%2Fwp%2Fv2%2Fmedia&parent=26"}],"wp:term":[{"taxonomy":"category","embeddable":true,"href":"http:\/\/fundacjasilesia.eu\/index.php?rest_route=%2Fwp%2Fv2%2Fcategories&post=26"},{"taxonomy":"post_tag","embeddable":true,"href":"http:\/\/fundacjasilesia.eu\/index.php?rest_route=%2Fwp%2Fv2%2Ftags&post=26"}],"curies":[{"name":"wp","href":"https:\/\/api.w.org\/{rel}","templated":true}]}}