{"id":17,"date":"2019-01-04T15:48:35","date_gmt":"2019-01-04T14:48:35","guid":{"rendered":"http:\/\/fundacjasilesia.you2.pl\/?page_id=17"},"modified":"2019-01-04T15:48:35","modified_gmt":"2019-01-04T14:48:35","slug":"statut","status":"publish","type":"page","link":"https:\/\/fundacjasilesia.eu\/?page_id=17","title":{"rendered":"STATUT"},"content":{"rendered":"\n<h2><strong>STATUT FUNDACJI \u201eSILESIA\u201d <\/strong><\/h2>\n\n\n\n<p><strong>Tekst jednolity <\/strong><\/p>\n\n\n\n<p style=\"text-align:center\"><strong>Postanowienia og\u00f3lne <\/strong><\/p>\n\n\n\n<p style=\"text-align:center\"><strong>\u00a71.<\/strong><\/p>\n\n\n\n<p>1-Fundacja\npod nazw\u0105: Fundacja \u201eSILESIA\u201d zwan\u0105 w tre\u015bci statutu fundacj\u0105 <\/p>\n\n\n\n<p>2-Ustanowiona\nprzez fundatora Andrzeja Latussek aktem notarialnym <\/p>\n\n\n\n<p>3-Fundacja\ndzia\u0142a na podstawie ustawy z dnia 6 kwietnia 1984 r o fundacjach <\/p>\n\n\n\n[Dz. U. NR\n46,poz.203 z 1991 r z p\u00f3\u017an, zmianami] oraz postanowie\u0144 niniejszego <\/p>\n\n\n\n<p>statutu <\/p>\n\n\n\n<p style=\"text-align:center\"><strong>\u00a72.<\/strong><\/p>\n\n\n\n<p>1-Fundacja\nposiada osobowo\u015b\u0107 prawn\u0105 <\/p>\n\n\n\n<p>2-Siedzib\u0105\nfundacji jest miasto Opole <\/p>\n\n\n\n<p>3-Fundacja\nprowadzi dzia\u0142alno\u015b\u0107 na obszarze Rzeczpospolitej Polskiej oraz poza jej <\/p>\n\n\n\n<p>granicami <\/p>\n\n\n\n<p>4-Fundacja\nmo\u017ce ustanawia\u0107 odznaki, medale honorowe i przyznawa\u0107 je wraz z <\/p>\n\n\n\n<p>innymi\nnagrodami <\/p>\n\n\n\n<p>5-Fundacja\nzosta\u0142a ustanowiona na czas nieokre\u015blony <\/p>\n\n\n\n<p>6-Ministrem\nw\u0142a\u015bciwym ze wzgl\u0119du na cele fundacji jest minister kultury i dziedzictwa <\/p>\n\n\n\n<p>narodowego <\/p>\n\n\n\n<p>7-Fundacja\nmo\u017ce prowadzi\u0107 dzia\u0142alno\u015b\u0107 gospodarcz\u0105 <\/p>\n\n\n\n<p>8-Realizacja\nzada\u0144 statutowych fundacji mo\u017ce by\u0107 prowadzona we wsp\u00f3\u0142pracy <\/p>\n\n\n\n<p>z innymi\npodmiotami <\/p>\n\n\n\n<p style=\"text-align:center\"><strong>\u00a73.<\/strong><\/p>\n\n\n\n<p style=\"text-align:center\"><strong>Cele i zasady dzia\u0142ania. <\/strong><\/p>\n\n\n\n<p>1-0chrona i\npiel\u0119gnacja miejsc pami\u0119ci, cmentarzy i grob\u00f3w ofiar wojen <\/p>\n\n\n\n<p>2-Dokumentacja\nhistorii <\/p>\n\n\n\n<p>3-lntegrowanie\nspo\u0142ecze\u0144stwa wok\u00f3\u0142 dziedzictwa historycznego lokalnych <\/p>\n\n\n\n<p>spo\u0142eczno\u015bci\n<\/p>\n\n\n\n<p>4-0chrona\nd\u00f3br sztuki kultury i tradycji <\/p>\n\n\n\n<p>5-Upowszechnianie\nwiedzy i utrwalanie tradycji poszanowania miejsc pami\u0119ci i <\/p>\n\n\n\n<p>grob\u00f3w <\/p>\n\n\n\n<p>6-Poszukiwanie\ni ekshumacja grob\u00f3w \u017co\u0142nierzy i ofiar wojen w Polsce i zagranic\u0105 <\/p>\n\n\n\n<p>7-Dostarczanie\ninformacji rodzinom ofiar wojen w zakresie ustalania miejsca <\/p>\n\n\n\n<p>poch\u00f3wku ich\nbliskich <\/p>\n\n\n\n<p>8-Wspieranie\nprojekt\u00f3w organizacji pozarz\u0105dowych maj\u0105cych na celu <\/p>\n\n\n\n<p>upowszechnianie\ni ochron\u0119 dziedzictwa historycznego <\/p>\n\n\n\n<p>9-Wspieranie\nnauki, edukacji, o\u015bwiaty i wychowania <\/p>\n\n\n\n<p>10-Gromadzenie\n\u015brodk\u00f3w finansowych i zasob\u00f3w materialnych na realizacj\u0119 cel\u00f3w <\/p>\n\n\n\n<p>statutowych <\/p>\n\n\n\n<p style=\"text-align:center\"><strong>\u00a74.<\/strong><\/p>\n\n\n\n<p style=\"text-align:center\"><strong>Fundacja realizuje swoje cele poprzez. <\/strong><\/p>\n\n\n\n<p>1-Prowadzenie\ndzia\u0142alno\u015bci badawczo\u2014 naukowej w dziedzinie historii <\/p>\n\n\n\n<p>2-Wydawanie\npublikacji i wydawnictw multimedialnych <\/p>\n\n\n\n<p>3-Prace\narcheologiczne, ekshumacyjne oraz badawcze <\/p>\n\n\n\n<p>4-Konserwacj\u0119\ni ochron\u0119 budowli sakralnych ,miejsc pami\u0119ci oraz cmentarzy <\/p>\n\n\n\n<p>5-Wsp\u00f3\u0142prac\u0119\nz polskimi i zagranicznymi organizacjami o podobnych celach i zakresie <\/p>\n\n\n\n<p>dzia\u0142ania <\/p>\n\n\n\n<p>6-Poszukiwanie\nmogi\u0142 wojennych <\/p>\n\n\n\n<p>7-Prace z\nm\u0142odzie\u017c\u0105 <\/p>\n\n\n\n<p style=\"text-align:left\"><strong>\u00a0     Dodatkowo Fundacja prowadzi dzia\u0142alno\u015b\u0107 gospodarcz\u0105 <\/strong><\/p>\n\n\n\n<p><strong>\u00a0    ( wed\u0142ug Polskiej klasyfikacji Dzia\u0142alno\u015bci -PKD) w zakresie : <\/strong><\/p>\n\n\n\n<p>1-PKD 85.59\nPozaszkolne formy edukacji, gdzie indziej niesklasyfikowane <\/p>\n\n\n\n<p>2-PKD\n91.03.Z Dzia\u0142alno\u015b\u0107 historycznych miejsc i budynk\u00f3w oraz podobnych atrakcji <\/p>\n\n\n\n<p>3-PKD\n58.11.Z Wydawanie ksi\u0105\u017cek <\/p>\n\n\n\n<p>4-PKD\n58.14.Z Wydawanie czasopism i pozosta\u0142ych periodyk\u00f3w <\/p>\n\n\n\n<p>5-PKD\n82.99.Z Pozosta\u0142a dzia\u0142alno\u015b\u0107 wspomagaj\u0105ca prowadzenie dzia\u0142alno\u015bci <\/p>\n\n\n\n<p>gospodarczej\ngdzie indziej niesklasyfikowana <\/p>\n\n\n\n<p>6-PKD\n41.20.Z Roboty budowlane zwi\u0105zane ze wznoszeniem budynk\u00f3w mieszkalnych <\/p>\n\n\n\n<p>i\nniemieszkalnych <\/p>\n\n\n\n<p>7-PKD\n43.13.Z Wykonywanie wykop\u00f3w i wierce\u0144 geologiczno-in\u017cynierskich <\/p>\n\n\n\n<p>8-PKD\n91.03.Z Dzia\u0142alno\u015b\u0107 historycznych miejsc i budynk\u00f3w oraz podobnych atrakcji <\/p>\n\n\n\n<p>turystycznych\n<\/p>\n\n\n\n<p>9-PKD\n91.02.Z Dzia\u0142alno\u015b\u0107 muze\u00f3w <\/p>\n\n\n\n<p>IO-PKD\n91.01.8 Dzia\u0142alno\u015b\u0107 archiw\u00f3w <\/p>\n\n\n\n<p>11-PKD\n43.99.Z Pozosta\u0142e specjalistyczne roboty budowlane ,gdzie indziej <\/p>\n\n\n\n<p>niesklasyfikowane\n<\/p>\n\n\n\n<p>12-PKD\n73.11.Z Dzia\u0142alno\u015b\u0107 agencji reklamowych <\/p>\n\n\n\n<p>13-PKD\n72.20.Z Badania naukowe i prace rozwojowe w dziedzinie nauk spo\u0142ecznych i <\/p>\n\n\n\n<p>humanitarnych\n<\/p>\n\n\n\n<p>14-PKD 59.1\nDzia\u0142alno\u015b\u0107 zwi\u0105zana z filmami ,nagraniami wideo i programami <\/p>\n\n\n\n<p>telewizyjnymi\n<\/p>\n\n\n\n<p>15-PKD\n85.60.Z Dzia\u0142alno\u015b\u0107 wspomagaj\u0105ca edukacje <\/p>\n\n\n\n<p>16-PKD\n58.19.Z Pozosta\u0142a dzia\u0142alno\u015b\u0107 wydawnicza <\/p>\n\n\n\n<p>17-PKD\n79.90.A Dzia\u0142alno\u015b\u0107 pilot\u00f3w wycieczek i przewodnik\u00f3w turystycznych <\/p>\n\n\n\n<p>18-PKD\n81.30.Z Dzia\u0142alno\u015b\u0107 us\u0142ugowa zwi\u0105zana z zagospodarowaniem teren\u00f3w <\/p>\n\n\n\n<p>zielonych <\/p>\n\n\n\n<p>19-PKD\n91.01.A Dzia\u0142alno\u015b\u0107 bibliotek <\/p>\n\n\n\n<p>20-PKD\n96.03.Z Pogrzeby i dzia\u0142alno\u015b\u0107 pokrewna <\/p>\n\n\n\n<p style=\"text-align:center\"><strong>\u00a75.<\/strong><\/p>\n\n\n\n<p style=\"text-align:center\"><strong>Organy fundacji <\/strong><\/p>\n\n\n\n<p>1-0rganem\nfundacji jest : Zarz\u0105d fundacji <\/p>\n\n\n\n<p>2-Zarz\u0105d\nfundacji sk\u0142ada si\u0119 z nie wi\u0119cej ni\u017c 5 os\u00f3b powo\u0142ywanych przez fundatora <\/p>\n\n\n\n<p>na czas\nnieokre\u015blony <\/p>\n\n\n\n<p>3-Fundator w\nka\u017cdej chwili ma prawo odwo\u0142a\u0107 cz\u0142onka lub cz\u0142onk\u00f3w zarz\u0105du . <\/p>\n\n\n\n<p>4-Cz\u0142onkostwo\nw zarz\u0105dzie ustaje z chwil\u0105 odwo\u0142ania, rezygnacji b\u0105d\u017a \u015bmierci cz\u0142onka <\/p>\n\n\n\n<p>zarz\u0105du <\/p>\n\n\n\n<p>5-Fundator\nmo\u017ce zosta\u0107 cz\u0142onkiem zarz\u0105du <\/p>\n\n\n\n<p>6-Cz\u0142onkowie\nzarz\u0105du z swojego grona wybieraj\u0105 prezesa fundacji <\/p>\n\n\n\n<p>7-Zarz\u0105d\npodejmuje uchwa\u0142y zwyk\u0142\u0105 wi\u0119kszo\u015bci\u0105 g\u0142os\u00f3w, przy czym do wa\u017cno\u015bci <\/p>\n\n\n\n<p>uchwa\u0142y\nwymagana jest obecno\u015b\u0107 co najmniej 2-ch jego cz\u0142onk\u00f3w w tym prezesa <\/p>\n\n\n\n<p>fundacji. <\/p>\n\n\n\n<p>8-W\nprzypadku braku zgodno\u015bci cz\u0142onk\u00f3w zarz\u0105du co do tre\u015bci uchwa\u0142y zarz\u0105du <\/p>\n\n\n\n<p>rozstrzygaj\u0105ce\njest stanowisko prezesa zarz\u0105du <\/p>\n\n\n\n<p style=\"text-align:center\"><strong>\u00a76.<\/strong><\/p>\n\n\n\n<p style=\"text-align:center\"><strong>Zarz\u0105d fundacji <\/strong><\/p>\n\n\n\n<p>1-Realizuje\ncele fundacji okre\u015blone w statucie oraz kieruje jej bie\u017c\u0105c\u0105 dzia\u0142alno\u015bci\u0105 <\/p>\n\n\n\n<p>2-Reprezentuje\nfundacje na zewn\u0105trz <\/p>\n\n\n\n<p>3-Zarz\u0105dza\nmaj\u0105tkiem fundacji <\/p>\n\n\n\n<p>4-Przyjmuje\ndotacje, subwencje, darowizny, spadki i zapisy <\/p>\n\n\n\n<p>5-Ustala\nregulamin biura fundacji <\/p>\n\n\n\n<p>6-Ustala\nwielko\u015b\u0107 zatrudnienia \u201ezasady wynagrodzenia oraz wysoko\u015b\u0107 \u015brodk\u00f3w <\/p>\n\n\n\n<p>na\nwynagrodzenie i nagrody dla pracownik\u00f3w fundacji <\/p>\n\n\n\n<p>7-Podejmuje\ndecyzje w przedmiocie zmiany statutu fundacji oraz jej likwidacje <\/p>\n\n\n\n<p>8-Uchwala\nprogram dzia\u0142ania fundacji <\/p>\n\n\n\n<p>9- Prowadzi\ni mo\u017ce powo\u0142ywa\u0107 biura fundacji <\/p>\n\n\n\n<p>10-Przygotowuje\nsprawozdania z dzia\u0142alno\u015bci fundacji <\/p>\n\n\n\n<p>II-Cz\u0142onkowie\nzarz\u0105du z tytu\u0142u pe\u0142nienia swoich funkcji mog\u0105 otrzymywa\u0107 <\/p>\n\n\n\n<p>wynagrodzenie\n<\/p>\n\n\n\n<p>12-\nO\u015bwiadczenie woli w imieniu fundacji sk\u0142ada prezes lub dw\u00f3ch cz\u0142onk\u00f3w <\/p>\n\n\n\n<p>zarz\u0105du\n\u0142\u0105cznie <\/p>\n\n\n\n<p style=\"text-align:center\"><strong>\u00a77.<\/strong><\/p>\n\n\n\n<p style=\"text-align:center\"><strong>Posiedzenia zarz\u0105du fundacji. <\/strong><\/p>\n\n\n\n<p>1-Zarz\u0105d\nfundacji pracuje na posiedzeniach, kt\u00f3re odbywaj\u0105 si\u0119 nie rzadziej ni\u017c raz do <\/p>\n\n\n\n<p>roku. <\/p>\n\n\n\n<p>2-Posiedzenia\nfundacji zwo\u0142uje Prezes Fundacji, wysy\u0142aj\u0105c za po\u015brednictwem \u015brodk\u00f3w <\/p>\n\n\n\n<p>komunikacji\nelektronicznej zaproszenia, w kt\u00f3rych zawiadamia cz\u0142onk\u00f3w zarz\u0105du <\/p>\n\n\n\n<p>o terminie\nposiedzenia i planowanym porz\u0105dku obrad. <\/p>\n\n\n\n<p>3-Z\nprzebiegu posiedze\u0144 Zarz\u0105du Fundacji sporz\u0105dza si\u0119 protoko\u0142y . <\/p>\n\n\n\n<p>Wymagany\njest podpis prezesa i sekretarza fundacji. <\/p>\n\n\n\n<p>4-G\u0142osowanie\nzarz\u0105du fundacji jest przeprowadzane w spos\u00f3b jawny <\/p>\n\n\n\n<p>5-Zarz\u0105d\nfundacji podejmuje uchwa\u0142y zgodnie z \u00a7 5 punkt 7 <\/p>\n\n\n\n<p style=\"text-align:center\"><strong>\u00a78.<\/strong><\/p>\n\n\n\n<p style=\"text-align:center\"><strong>Maj\u0105tek i dochody fundacji. <\/strong><\/p>\n\n\n\n<p>1-Na\nrealizacj\u0119 cel\u00f3w wybranych przez Fundacj\u0119, Fundator przeznacza nast\u0119puj\u0105ce <\/p>\n\n\n\n<p>sk\u0142adniki\nmaj\u0105tkowe: <\/p>\n\n\n\n<p>&#8211; kwot\u0119\n1.000,00 z\u0142 (jeden tysi\u0105c z\u0142otych), <\/p>\n\n\n\n<p>&#8211; laptop\nLenovo o warto\u015bci 1.000,00 z\u0142 (jeden tysi\u0105c z\u0142otych), <\/p>\n\n\n\n<p>&#8211; drukarka\nKyocera o warto\u015bci 800,00 z\u0142 (osiemset z\u0142otych), <\/p>\n\n\n\n<p>&#8211;\nkserokopiarka Kyocera o warto\u015bci 1.200,00 z\u0142 ( jeden tysi\u0105c dwie\u015bcie z\u0142otych), <\/p>\n\n\n\n<p>kt\u00f3re\nstanowi\u0105 fundusz za\u0142o\u017cycielski fundacji, z czego kwota 1.000,00 z\u0142 przeznaczona\n<\/p>\n\n\n\n<p>jest na\ndzia\u0142alno\u015b\u0107 gospodarcz\u0105 <\/p>\n\n\n\n<p>2-Maj\u0105tek\nfundacji stanowi fundusz za\u0142o\u017cycielski oraz inne mienie nabyte przez <\/p>\n\n\n\n<p>Fundacj\u0119 w\ntrakcie jej dzia\u0142ania <\/p>\n\n\n\n<p>3-Dochody\nfundacji pochodz\u0105 z darowizn, spadk\u00f3w, zapis\u00f3w, dochod\u00f3w ze zbi\u00f3rek <\/p>\n\n\n\n<p>publicznych,\ndotacji i subwencji os\u00f3b prywatnych i instytucji oraz dochod\u00f3w z <\/p>\n\n\n\n<p>dzia\u0142alno\u015bci\ngospodarczej. <\/p>\n\n\n\n<p style=\"text-align:center\"><strong>\u00a79<\/strong><\/p>\n\n\n\n<p style=\"text-align:center\"><strong>Postanowienia ko\u0144cowe <\/strong><\/p>\n\n\n\n<p>1-DIa efektywnego urzeczywistnienia swoich cel\u00f3w fundacja mo\u017ce po\u0142\u0105czy\u0107\nsi\u0119 z inna <\/p>\n\n\n\n<p>fundacj\u0105 <\/p>\n\n\n\n<p>2-Fundacja\nsk\u0142ada coroczne sprawozdanie z swej dzia\u0142alno\u015bci ministrowi kultury <\/p>\n\n\n\n<p>i\ndziedzictwa narodowego <\/p>\n\n\n\n<p>3-Sprawozdanie\nfinansowe z dzia\u0142alno\u015bci fundacji podpisuj\u0105 wszyscy cz\u0142onkowie <\/p>\n\n\n\n<p>zarz\u0105du <\/p>\n\n\n\n<p>4-Kompetencje\nfundatora w przypadku jego \u015bmierci przejmuj\u0105 spadkobiercy <\/p>\n\n\n\n<p>fundatora <\/p>\n\n\n\n<p>5-Statut\nwchodzi w \u017cycie z dniem zarejestrowania przez Krajowy Rejestr S\u0105dowy <\/p>\n\n\n\n<p style=\"text-align:right\"><\/p>\n\n\n\n<p style=\"text-align:right\">Opole, dnia 29 listopada 2018 roku <\/p>\n","protected":false},"excerpt":{"rendered":"<p>STATUT FUNDACJI \u201eSILESIA\u201d Tekst jednolity Postanowienia og\u00f3lne \u00a71. 1-Fundacja pod nazw\u0105: Fundacja \u201eSILESIA\u201d zwan\u0105 w tre\u015bci statutu fundacj\u0105 2-Ustanowiona przez fundatora Andrzeja Latussek aktem notarialnym 3-Fundacja dzia\u0142a na podstawie ustawy z dnia 6 kwietnia 1984 r o fundacjach [Dz. U. NR 46,poz.203 z 1991 r z p\u00f3\u017an, zmianami] oraz postanowie\u0144&#8230; <a class=\"continue-reading-link\" href=\"https:\/\/fundacjasilesia.eu\/?page_id=17\">Czytaj dalej&#8230; <span class=\"meta-nav\">&rarr; <\/span><\/a><\/p>\n","protected":false},"author":1,"featured_media":0,"parent":0,"menu_order":0,"comment_status":"closed","ping_status":"closed","template":"","meta":{"ngg_post_thumbnail":0},"categories":[],"tags":[],"_links":{"self":[{"href":"https:\/\/fundacjasilesia.eu\/index.php?rest_route=\/wp\/v2\/pages\/17"}],"collection":[{"href":"https:\/\/fundacjasilesia.eu\/index.php?rest_route=\/wp\/v2\/pages"}],"about":[{"href":"https:\/\/fundacjasilesia.eu\/index.php?rest_route=\/wp\/v2\/types\/page"}],"author":[{"embeddable":true,"href":"https:\/\/fundacjasilesia.eu\/index.php?rest_route=\/wp\/v2\/users\/1"}],"replies":[{"embeddable":true,"href":"https:\/\/fundacjasilesia.eu\/index.php?rest_route=%2Fwp%2Fv2%2Fcomments&post=17"}],"version-history":[{"count":0,"href":"https:\/\/fundacjasilesia.eu\/index.php?rest_route=\/wp\/v2\/pages\/17\/revisions"}],"wp:attachment":[{"href":"https:\/\/fundacjasilesia.eu\/index.php?rest_route=%2Fwp%2Fv2%2Fmedia&parent=17"}],"wp:term":[{"taxonomy":"category","embeddable":true,"href":"https:\/\/fundacjasilesia.eu\/index.php?rest_route=%2Fwp%2Fv2%2Fcategories&post=17"},{"taxonomy":"post_tag","embeddable":true,"href":"https:\/\/fundacjasilesia.eu\/index.php?rest_route=%2Fwp%2Fv2%2Ftags&post=17"}],"curies":[{"name":"wp","href":"https:\/\/api.w.org\/{rel}","templated":true}]}}