{"id":23,"date":"2019-01-04T15:49:31","date_gmt":"2019-01-04T14:49:31","guid":{"rendered":"http:\/\/fundacjasilesia.you2.pl\/?page_id=23"},"modified":"2019-02-03T10:56:30","modified_gmt":"2019-02-03T09:56:30","slug":"galeria","status":"publish","type":"page","link":"https:\/\/fundacjasilesia.eu\/?page_id=23","title":{"rendered":"GALERIA"},"content":{"rendered":"\n<div class=\"ngg-albumoverview default-view\">\n            <div class=\"ngg-album-compact\">\n            <div class=\"ngg-album-compactbox\">\n                <div class=\"ngg-album-link\">\n                                        <a title='Pogrzeb  \u017co\u0142nie\u017cy Radzieckich K\u0119dzierzyn'\n                       href='https:\/\/fundacjasilesia.eu\/index.php\/nggallery\/galeria-strony-fundacji-silesia\/Pogrzeb--\u017co\u0142nie\u017cy-Radzieckich-K\u0119dzierzyn?page_id=23'>\n                        <img class=\"Thumb\"\n                             alt=\"Pogrzeb  \u017co\u0142nie\u017cy Radzieckich K\u0119dzierzyn\"\n                             src=\"https:\/\/fundacjasilesia.eu\/wp-content\/gallery\/pogrzeb-zolniezy-radzieckich-kedzierzyn\/cache\/5afac8a1b8ce4_p.jpg-nggid012-ngg0dyn-240x160x100-00f0w010c011r110f110r010t010.jpg\"\/>\n                    <\/a>\n                                    <\/div>\n            <\/div>\n                        <h4>\n                <a class='ngg-album-desc' title='Pogrzeb  \u017co\u0142nie\u017cy Radzieckich K\u0119dzierzyn'\n                       href='https:\/\/fundacjasilesia.eu\/index.php\/nggallery\/galeria-strony-fundacji-silesia\/Pogrzeb--\u017co\u0142nie\u017cy-Radzieckich-K\u0119dzierzyn?page_id=23'style=\"max-width: 260px\">Pogrzeb  \u017co\u0142nie\u017cy Radzieckich K\u0119dzierzyn<\/a>\n            <\/h4>\n            <p class=\"ngg-album-gallery-image-counter\">\n                                    <strong>24<\/strong>&nbsp;Zdj\u0119\u0107                            <\/p>\n        <\/div>\n            <div class=\"ngg-album-compact\">\n            <div class=\"ngg-album-compactbox\">\n                <div class=\"ngg-album-link\">\n                                        <a title='Ekshumacje '\n                       href='https:\/\/fundacjasilesia.eu\/index.php\/nggallery\/galeria-strony-fundacji-silesia\/Ekshumacje-?page_id=23'>\n                        <img class=\"Thumb\"\n                             alt=\"Ekshumacje \"\n                             src=\"https:\/\/fundacjasilesia.eu\/wp-content\/gallery\/ekshumacje\/cache\/P9292182.JPG-nggid0226-ngg0dyn-240x160x100-00f0w010c011r110f110r010t010.JPG\"\/>\n                    <\/a>\n                                    <\/div>\n            <\/div>\n                        <h4>\n                <a class='ngg-album-desc' title='Ekshumacje '\n                       href='https:\/\/fundacjasilesia.eu\/index.php\/nggallery\/galeria-strony-fundacji-silesia\/Ekshumacje-?page_id=23'style=\"max-width: 260px\">Ekshumacje <\/a>\n            <\/h4>\n            <p class=\"ngg-album-gallery-image-counter\">\n                                    <strong>169<\/strong>&nbsp;Zdj\u0119\u0107                            <\/p>\n        <\/div>\n        <br class=\"ngg-clear\"\/>\n    <div class='ngg-clear'><\/div><\/div>\n\n","protected":false},"excerpt":{"rendered":"","protected":false},"author":1,"featured_media":0,"parent":0,"menu_order":2,"comment_status":"closed","ping_status":"closed","template":"","meta":{"ngg_post_thumbnail":0},"categories":[],"tags":[],"_links":{"self":[{"href":"https:\/\/fundacjasilesia.eu\/index.php?rest_route=\/wp\/v2\/pages\/23"}],"collection":[{"href":"https:\/\/fundacjasilesia.eu\/index.php?rest_route=\/wp\/v2\/pages"}],"about":[{"href":"https:\/\/fundacjasilesia.eu\/index.php?rest_route=\/wp\/v2\/types\/page"}],"author":[{"embeddable":true,"href":"https:\/\/fundacjasilesia.eu\/index.php?rest_route=\/wp\/v2\/users\/1"}],"replies":[{"embeddable":true,"href":"https:\/\/fundacjasilesia.eu\/index.php?rest_route=%2Fwp%2Fv2%2Fcomments&post=23"}],"version-history":[{"count":11,"href":"https:\/\/fundacjasilesia.eu\/index.php?rest_route=\/wp\/v2\/pages\/23\/revisions"}],"predecessor-version":[{"id":449,"href":"https:\/\/fundacjasilesia.eu\/index.php?rest_route=\/wp\/v2\/pages\/23\/revisions\/449"}],"wp:attachment":[{"href":"https:\/\/fundacjasilesia.eu\/index.php?rest_route=%2Fwp%2Fv2%2Fmedia&parent=23"}],"wp:term":[{"taxonomy":"category","embeddable":true,"href":"https:\/\/fundacjasilesia.eu\/index.php?rest_route=%2Fwp%2Fv2%2Fcategories&post=23"},{"taxonomy":"post_tag","embeddable":true,"href":"https:\/\/fundacjasilesia.eu\/index.php?rest_route=%2Fwp%2Fv2%2Ftags&post=23"}],"curies":[{"name":"wp","href":"https:\/\/api.w.org\/{rel}","templated":true}]}}