{"id":292,"date":"2019-01-27T14:36:22","date_gmt":"2019-01-27T13:36:22","guid":{"rendered":"http:\/\/fundacjasilesia.eu\/?page_id=292"},"modified":"2019-02-05T22:33:34","modified_gmt":"2019-02-05T21:33:34","slug":"ciezka-dola-zolnierza","status":"publish","type":"page","link":"https:\/\/fundacjasilesia.eu\/?page_id=292","title":{"rendered":"Ci\u0119\u017cka dola \u017co\u0142nierza"},"content":{"rendered":"\n<p>Na ka\u017cdej z wojen \u017co\u0142nierze po obu stronach konfliktu prze\u017cywali niewyobra\u017calne dramaty. <\/p>\n\n\n\n<p>Tutaj na przyk\u0142adzie konfliktu z Pierwszej Wojny \u015awiatowej, kiedy to wojska Austro-W\u0119gierskie walczy\u0142y z W\u0142oskimi.<\/p>\n\n\n\n<figure class=\"wp-block-embed-youtube wp-block-embed is-type-video is-provider-youtube wp-embed-aspect-16-9 wp-has-aspect-ratio\"><div class=\"wp-block-embed__wrapper\">\n<iframe loading=\"lazy\" width=\"800\" height=\"450\" src=\"https:\/\/www.youtube.com\/embed\/RMlw33NtlF4?feature=oembed\" frameborder=\"0\" allow=\"accelerometer; autoplay; encrypted-media; gyroscope; picture-in-picture\" allowfullscreen><\/iframe>\n<\/div><\/figure>\n","protected":false},"excerpt":{"rendered":"<p>Na ka\u017cdej z wojen \u017co\u0142nierze po obu stronach konfliktu prze\u017cywali niewyobra\u017calne dramaty. <\/p>\n<p>Tutaj na przyk\u0142adzie konfliktu z Pierwszej Wojny \u015awiatowej, kiedy to wojska Austro-W\u0119gierskie walczy\u0142y z W\u0142oskimi. <a class=\"continue-reading-link\" href=\"https:\/\/fundacjasilesia.eu\/?page_id=292\">Czytaj dalej&#8230; <span class=\"meta-nav\">&rarr; <\/span><\/a><\/p>\n","protected":false},"author":2,"featured_media":246,"parent":26,"menu_order":5,"comment_status":"open","ping_status":"closed","template":"","meta":{"ngg_post_thumbnail":0},"categories":[12],"tags":[],"_links":{"self":[{"href":"https:\/\/fundacjasilesia.eu\/index.php?rest_route=\/wp\/v2\/pages\/292"}],"collection":[{"href":"https:\/\/fundacjasilesia.eu\/index.php?rest_route=\/wp\/v2\/pages"}],"about":[{"href":"https:\/\/fundacjasilesia.eu\/index.php?rest_route=\/wp\/v2\/types\/page"}],"author":[{"embeddable":true,"href":"https:\/\/fundacjasilesia.eu\/index.php?rest_route=\/wp\/v2\/users\/2"}],"replies":[{"embeddable":true,"href":"https:\/\/fundacjasilesia.eu\/index.php?rest_route=%2Fwp%2Fv2%2Fcomments&post=292"}],"version-history":[{"count":2,"href":"https:\/\/fundacjasilesia.eu\/index.php?rest_route=\/wp\/v2\/pages\/292\/revisions"}],"predecessor-version":[{"id":683,"href":"https:\/\/fundacjasilesia.eu\/index.php?rest_route=\/wp\/v2\/pages\/292\/revisions\/683"}],"up":[{"embeddable":true,"href":"https:\/\/fundacjasilesia.eu\/index.php?rest_route=\/wp\/v2\/pages\/26"}],"wp:featuredmedia":[{"embeddable":true,"href":"https:\/\/fundacjasilesia.eu\/index.php?rest_route=\/wp\/v2\/media\/246"}],"wp:attachment":[{"href":"https:\/\/fundacjasilesia.eu\/index.php?rest_route=%2Fwp%2Fv2%2Fmedia&parent=292"}],"wp:term":[{"taxonomy":"category","embeddable":true,"href":"https:\/\/fundacjasilesia.eu\/index.php?rest_route=%2Fwp%2Fv2%2Fcategories&post=292"},{"taxonomy":"post_tag","embeddable":true,"href":"https:\/\/fundacjasilesia.eu\/index.php?rest_route=%2Fwp%2Fv2%2Ftags&post=292"}],"curies":[{"name":"wp","href":"https:\/\/api.w.org\/{rel}","templated":true}]}}