{"id":297,"date":"2019-01-27T15:00:31","date_gmt":"2019-01-27T14:00:31","guid":{"rendered":"http:\/\/fundacjasilesia.eu\/?page_id=297"},"modified":"2019-02-05T22:33:59","modified_gmt":"2019-02-05T21:33:59","slug":"als-der-osten-heimat-war","status":"publish","type":"page","link":"https:\/\/fundacjasilesia.eu\/?page_id=297","title":{"rendered":"&#8222;Als der Osten Heimat war&#8221;"},"content":{"rendered":"\n<p>Dokument opisuj\u0105cy losy \u015al\u0105ska przed i po drugiej wojnie \u015bwiatowej, zawieraj\u0105cy wiele cennych wywiad\u00f3w z mieszka\u0144cami tych teren\u00f3w.<\/p>\n\n\n\n<figure class=\"wp-block-embed-youtube wp-block-embed is-type-video is-provider-youtube wp-embed-aspect-16-9 wp-has-aspect-ratio\"><div class=\"wp-block-embed__wrapper\">\n<iframe loading=\"lazy\" width=\"800\" height=\"450\" src=\"https:\/\/www.youtube.com\/embed\/JDoB5u4tuRg?feature=oembed\" frameborder=\"0\" allow=\"accelerometer; autoplay; encrypted-media; gyroscope; picture-in-picture\" allowfullscreen><\/iframe>\n<\/div><\/figure>\n","protected":false},"excerpt":{"rendered":"<p>Dokument opisuj\u0105cy losy \u015al\u0105ska przed i po drugiej wojnie \u015bwiatowej, zawieraj\u0105cy wiele cennych wywiad\u00f3w z mieszka\u0144cami tych teren\u00f3w. <a class=\"continue-reading-link\" href=\"https:\/\/fundacjasilesia.eu\/?page_id=297\">Czytaj dalej&#8230; <span class=\"meta-nav\">&rarr; <\/span><\/a><\/p>\n","protected":false},"author":2,"featured_media":249,"parent":26,"menu_order":0,"comment_status":"open","ping_status":"closed","template":"","meta":{"ngg_post_thumbnail":0},"categories":[12],"tags":[15,14],"_links":{"self":[{"href":"https:\/\/fundacjasilesia.eu\/index.php?rest_route=\/wp\/v2\/pages\/297"}],"collection":[{"href":"https:\/\/fundacjasilesia.eu\/index.php?rest_route=\/wp\/v2\/pages"}],"about":[{"href":"https:\/\/fundacjasilesia.eu\/index.php?rest_route=\/wp\/v2\/types\/page"}],"author":[{"embeddable":true,"href":"https:\/\/fundacjasilesia.eu\/index.php?rest_route=\/wp\/v2\/users\/2"}],"replies":[{"embeddable":true,"href":"https:\/\/fundacjasilesia.eu\/index.php?rest_route=%2Fwp%2Fv2%2Fcomments&post=297"}],"version-history":[{"count":2,"href":"https:\/\/fundacjasilesia.eu\/index.php?rest_route=\/wp\/v2\/pages\/297\/revisions"}],"predecessor-version":[{"id":684,"href":"https:\/\/fundacjasilesia.eu\/index.php?rest_route=\/wp\/v2\/pages\/297\/revisions\/684"}],"up":[{"embeddable":true,"href":"https:\/\/fundacjasilesia.eu\/index.php?rest_route=\/wp\/v2\/pages\/26"}],"wp:featuredmedia":[{"embeddable":true,"href":"https:\/\/fundacjasilesia.eu\/index.php?rest_route=\/wp\/v2\/media\/249"}],"wp:attachment":[{"href":"https:\/\/fundacjasilesia.eu\/index.php?rest_route=%2Fwp%2Fv2%2Fmedia&parent=297"}],"wp:term":[{"taxonomy":"category","embeddable":true,"href":"https:\/\/fundacjasilesia.eu\/index.php?rest_route=%2Fwp%2Fv2%2Fcategories&post=297"},{"taxonomy":"post_tag","embeddable":true,"href":"https:\/\/fundacjasilesia.eu\/index.php?rest_route=%2Fwp%2Fv2%2Ftags&post=297"}],"curies":[{"name":"wp","href":"https:\/\/api.w.org\/{rel}","templated":true}]}}