{"id":671,"date":"2019-02-05T22:28:56","date_gmt":"2019-02-05T21:28:56","guid":{"rendered":"http:\/\/fundacjasilesia.eu\/?page_id=671"},"modified":"2019-02-05T23:15:43","modified_gmt":"2019-02-05T22:15:43","slug":"lista-poleglych","status":"publish","type":"page","link":"https:\/\/fundacjasilesia.eu\/?page_id=671","title":{"rendered":"Lista poleg\u0142ych"},"content":{"rendered":"\n<p>Lista os\u00f3b poleg\u0142ych podczas drugiej wojny \u015bwiatowej z miejscowo\u015bci Je\u0142owa powiat Opolski.<\/p>\n\n\n\n<ul class=\"wp-block-gallery columns-1\"><li class=\"blocks-gallery-item\"><figure><a href=\"http:\/\/fundacjasilesia.eu\/?attachment_id=674\"><img loading=\"lazy\" width=\"725\" height=\"1024\" src=\"http:\/\/fundacjasilesia.eu\/wp-content\/uploads\/2019\/02\/P2040039-e1549402577453-725x1024.jpg\" alt=\"\" data-id=\"674\" data-link=\"http:\/\/fundacjasilesia.eu\/?attachment_id=674\" class=\"wp-image-674\" srcset=\"https:\/\/fundacjasilesia.eu\/wp-content\/uploads\/2019\/02\/P2040039-e1549402577453-725x1024.jpg 725w, https:\/\/fundacjasilesia.eu\/wp-content\/uploads\/2019\/02\/P2040039-e1549402577453-212x300.jpg 212w, https:\/\/fundacjasilesia.eu\/wp-content\/uploads\/2019\/02\/P2040039-e1549402577453-768x1085.jpg 768w, https:\/\/fundacjasilesia.eu\/wp-content\/uploads\/2019\/02\/P2040039-e1549402577453-106x150.jpg 106w, https:\/\/fundacjasilesia.eu\/wp-content\/uploads\/2019\/02\/P2040039-e1549402577453.jpg 1708w\" sizes=\"(max-width: 725px) 100vw, 725px\" \/><\/a><figcaption>OLYMPUS DIGITAL CAMERA<\/figcaption><\/figure><\/li><li class=\"blocks-gallery-item\"><figure><a href=\"http:\/\/fundacjasilesia.eu\/?attachment_id=651\"><img loading=\"lazy\" width=\"736\" height=\"1024\" src=\"http:\/\/fundacjasilesia.eu\/wp-content\/uploads\/2019\/02\/Lista-1--e1549402635983-736x1024.jpg\" alt=\"\" data-id=\"651\" data-link=\"http:\/\/fundacjasilesia.eu\/?attachment_id=651\" class=\"wp-image-651\" srcset=\"https:\/\/fundacjasilesia.eu\/wp-content\/uploads\/2019\/02\/Lista-1--e1549402635983-736x1024.jpg 736w, https:\/\/fundacjasilesia.eu\/wp-content\/uploads\/2019\/02\/Lista-1--e1549402635983-216x300.jpg 216w, https:\/\/fundacjasilesia.eu\/wp-content\/uploads\/2019\/02\/Lista-1--e1549402635983-768x1069.jpg 768w, https:\/\/fundacjasilesia.eu\/wp-content\/uploads\/2019\/02\/Lista-1--e1549402635983-108x150.jpg 108w, https:\/\/fundacjasilesia.eu\/wp-content\/uploads\/2019\/02\/Lista-1--e1549402635983.jpg 1715w\" sizes=\"(max-width: 736px) 100vw, 736px\" \/><\/a><figcaption>Lista poleg\u0142ych w Je\u0142owej<\/figcaption><\/figure><\/li><\/ul>\n","protected":false},"excerpt":{"rendered":"<p>Lista os\u00f3b poleg\u0142ych podczas drugiej wojny \u015bwiatowej z miejscowo\u015bci Je\u0142owa <a class=\"continue-reading-link\" href=\"https:\/\/fundacjasilesia.eu\/?page_id=671\">Czytaj dalej&#8230; <span class=\"meta-nav\">&rarr; <\/span><\/a><\/p>\n","protected":false},"author":2,"featured_media":651,"parent":26,"menu_order":2,"comment_status":"closed","ping_status":"closed","template":"","meta":{"ngg_post_thumbnail":0},"categories":[],"tags":[],"_links":{"self":[{"href":"https:\/\/fundacjasilesia.eu\/index.php?rest_route=\/wp\/v2\/pages\/671"}],"collection":[{"href":"https:\/\/fundacjasilesia.eu\/index.php?rest_route=\/wp\/v2\/pages"}],"about":[{"href":"https:\/\/fundacjasilesia.eu\/index.php?rest_route=\/wp\/v2\/types\/page"}],"author":[{"embeddable":true,"href":"https:\/\/fundacjasilesia.eu\/index.php?rest_route=\/wp\/v2\/users\/2"}],"replies":[{"embeddable":true,"href":"https:\/\/fundacjasilesia.eu\/index.php?rest_route=%2Fwp%2Fv2%2Fcomments&post=671"}],"version-history":[{"count":4,"href":"https:\/\/fundacjasilesia.eu\/index.php?rest_route=\/wp\/v2\/pages\/671\/revisions"}],"predecessor-version":[{"id":695,"href":"https:\/\/fundacjasilesia.eu\/index.php?rest_route=\/wp\/v2\/pages\/671\/revisions\/695"}],"up":[{"embeddable":true,"href":"https:\/\/fundacjasilesia.eu\/index.php?rest_route=\/wp\/v2\/pages\/26"}],"wp:featuredmedia":[{"embeddable":true,"href":"https:\/\/fundacjasilesia.eu\/index.php?rest_route=\/wp\/v2\/media\/651"}],"wp:attachment":[{"href":"https:\/\/fundacjasilesia.eu\/index.php?rest_route=%2Fwp%2Fv2%2Fmedia&parent=671"}],"wp:term":[{"taxonomy":"category","embeddable":true,"href":"https:\/\/fundacjasilesia.eu\/index.php?rest_route=%2Fwp%2Fv2%2Fcategories&post=671"},{"taxonomy":"post_tag","embeddable":true,"href":"https:\/\/fundacjasilesia.eu\/index.php?rest_route=%2Fwp%2Fv2%2Ftags&post=671"}],"curies":[{"name":"wp","href":"https:\/\/api.w.org\/{rel}","templated":true}]}}