{"id":791,"date":"2019-02-10T16:13:58","date_gmt":"2019-02-10T15:13:58","guid":{"rendered":"http:\/\/fundacjasilesia.eu\/?page_id=791"},"modified":"2019-02-10T16:17:07","modified_gmt":"2019-02-10T15:17:07","slug":"fundacja-silesia-w-dobrej-gazecie","status":"publish","type":"page","link":"https:\/\/fundacjasilesia.eu\/?page_id=791","title":{"rendered":"Fundacja Silesia w &#8222;Dobrej Gazecie&#8221;"},"content":{"rendered":"\n<p>Artyku\u0142y o Fundacji Silesia w &#8222;Dobrej Gazecie z K\u0119dzierzyna Ko\u017ala.<\/p>\n\n\n\n<!-- Page-list plugin v.5.2 wordpress.org\/plugins\/page-list\/ -->\n<div class=\"page-list page-list-ext \">\n<div class=\"page-list-ext-item\"><div class=\"page-list-ext-image\"><a href=\"https:\/\/fundacjasilesia.eu\/?page_id=797\" title=\"Po co komu martwy esesman?\"><img src=\"https:\/\/fundacjasilesia.eu\/wp-content\/uploads\/2019\/02\/DG-11-GRDOG1110s.P39.jpg\" width=\"200\" alt=\"Po co komu martwy esesman?\" \/><\/a><\/div> <h3 class=\"page-list-ext-title\"><a href=\"https:\/\/fundacjasilesia.eu\/?page_id=797\" title=\"Po co komu martwy esesman?\">Po co komu martwy esesman?<\/a><\/h3><div class=\"page-list-ext-item-content\">Artyku\u0142 \"Po co komu martwy esesman\" z wydania \"Dobrej Gazety\" z K\u0119dzierzyna Ko\u017ala. w listopadzie 2017r. <\/div><\/div>\n\n<\/div>\n\n\n\n<p><\/p>\n","protected":false},"excerpt":{"rendered":"<p>Artyku\u0142y o Fundacji Silesia w &#8222;Dobrej Gazecie z K\u0119dzierzyna Ko\u017ala. <a class=\"continue-reading-link\" href=\"https:\/\/fundacjasilesia.eu\/?page_id=791\">Czytaj dalej&#8230; <span class=\"meta-nav\">&rarr; <\/span><\/a><\/p>\n","protected":false},"author":1,"featured_media":780,"parent":347,"menu_order":2,"comment_status":"closed","ping_status":"closed","template":"","meta":{"ngg_post_thumbnail":0},"categories":[29,18,19],"tags":[23],"_links":{"self":[{"href":"https:\/\/fundacjasilesia.eu\/index.php?rest_route=\/wp\/v2\/pages\/791"}],"collection":[{"href":"https:\/\/fundacjasilesia.eu\/index.php?rest_route=\/wp\/v2\/pages"}],"about":[{"href":"https:\/\/fundacjasilesia.eu\/index.php?rest_route=\/wp\/v2\/types\/page"}],"author":[{"embeddable":true,"href":"https:\/\/fundacjasilesia.eu\/index.php?rest_route=\/wp\/v2\/users\/1"}],"replies":[{"embeddable":true,"href":"https:\/\/fundacjasilesia.eu\/index.php?rest_route=%2Fwp%2Fv2%2Fcomments&post=791"}],"version-history":[{"count":3,"href":"https:\/\/fundacjasilesia.eu\/index.php?rest_route=\/wp\/v2\/pages\/791\/revisions"}],"predecessor-version":[{"id":796,"href":"https:\/\/fundacjasilesia.eu\/index.php?rest_route=\/wp\/v2\/pages\/791\/revisions\/796"}],"up":[{"embeddable":true,"href":"https:\/\/fundacjasilesia.eu\/index.php?rest_route=\/wp\/v2\/pages\/347"}],"wp:featuredmedia":[{"embeddable":true,"href":"https:\/\/fundacjasilesia.eu\/index.php?rest_route=\/wp\/v2\/media\/780"}],"wp:attachment":[{"href":"https:\/\/fundacjasilesia.eu\/index.php?rest_route=%2Fwp%2Fv2%2Fmedia&parent=791"}],"wp:term":[{"taxonomy":"category","embeddable":true,"href":"https:\/\/fundacjasilesia.eu\/index.php?rest_route=%2Fwp%2Fv2%2Fcategories&post=791"},{"taxonomy":"post_tag","embeddable":true,"href":"https:\/\/fundacjasilesia.eu\/index.php?rest_route=%2Fwp%2Fv2%2Ftags&post=791"}],"curies":[{"name":"wp","href":"https:\/\/api.w.org\/{rel}","templated":true}]}}