{"id":811,"date":"2019-02-17T13:32:51","date_gmt":"2019-02-17T12:32:51","guid":{"rendered":"http:\/\/fundacjasilesia.eu\/?page_id=811"},"modified":"2019-02-17T14:53:51","modified_gmt":"2019-02-17T13:53:51","slug":"tajny-rozkaz-dla-pierwszej-armi-wojska-polskiego","status":"publish","type":"page","link":"https:\/\/fundacjasilesia.eu\/?page_id=811","title":{"rendered":"Tajny rozkaz dla pierwszej armi wojska polskiego"},"content":{"rendered":"\n<p>Dokument ten  posiadamy w oryginale. Jest to kopia radzieckiego zarz\u0105dzenia, jak post\u0119powa\u0107 z ludno\u015bci\u0105 niemiecka na zaj\u0119tych terenach. Ka\u017cdy niech oceni z w\u0142asnej perspektywy skutki tego rozkazu.<\/p>\n\n\n\n<ul class=\"wp-block-gallery columns-1 is-cropped\"><li class=\"blocks-gallery-item\"><figure><a href=\"http:\/\/fundacjasilesia.eu\/?attachment_id=812\"><img loading=\"lazy\" width=\"722\" height=\"1024\" src=\"http:\/\/fundacjasilesia.eu\/wp-content\/uploads\/2019\/02\/P2100046-e1550411355512-722x1024.jpg\" alt=\"\" data-id=\"812\" data-link=\"http:\/\/fundacjasilesia.eu\/?attachment_id=812\" class=\"wp-image-812\" srcset=\"https:\/\/fundacjasilesia.eu\/wp-content\/uploads\/2019\/02\/P2100046-e1550411355512-722x1024.jpg 722w, https:\/\/fundacjasilesia.eu\/wp-content\/uploads\/2019\/02\/P2100046-e1550411355512-211x300.jpg 211w, https:\/\/fundacjasilesia.eu\/wp-content\/uploads\/2019\/02\/P2100046-e1550411355512-768x1090.jpg 768w, https:\/\/fundacjasilesia.eu\/wp-content\/uploads\/2019\/02\/P2100046-e1550411355512-106x150.jpg 106w, https:\/\/fundacjasilesia.eu\/wp-content\/uploads\/2019\/02\/P2100046-e1550411355512.jpg 1632w\" sizes=\"(max-width: 722px) 100vw, 722px\" \/><\/a><figcaption>Rozkazy strona 1<\/figcaption><\/figure><\/li><li class=\"blocks-gallery-item\"><figure><a href=\"http:\/\/fundacjasilesia.eu\/?attachment_id=813\"><img loading=\"lazy\" width=\"711\" height=\"1024\" src=\"http:\/\/fundacjasilesia.eu\/wp-content\/uploads\/2019\/02\/P2100047-e1550411202293-711x1024.jpg\" alt=\"\" data-id=\"813\" data-link=\"http:\/\/fundacjasilesia.eu\/?attachment_id=813\" class=\"wp-image-813\" srcset=\"https:\/\/fundacjasilesia.eu\/wp-content\/uploads\/2019\/02\/P2100047-e1550411202293-711x1024.jpg 711w, https:\/\/fundacjasilesia.eu\/wp-content\/uploads\/2019\/02\/P2100047-e1550411202293-208x300.jpg 208w, https:\/\/fundacjasilesia.eu\/wp-content\/uploads\/2019\/02\/P2100047-e1550411202293-768x1106.jpg 768w, https:\/\/fundacjasilesia.eu\/wp-content\/uploads\/2019\/02\/P2100047-e1550411202293-104x150.jpg 104w, https:\/\/fundacjasilesia.eu\/wp-content\/uploads\/2019\/02\/P2100047-e1550411202293.jpg 1657w\" sizes=\"(max-width: 711px) 100vw, 711px\" \/><\/a><figcaption>Rozkazy strona 2<\/figcaption><\/figure><\/li><\/ul>\n","protected":false},"excerpt":{"rendered":"<p>Dokument ten posiadamy w oryginale. Jest to kopia radzieckiego zarz\u0105dzenia, jak post\u0119powa\u0107 z ludno\u015bci\u0105 niemiecka na zaj\u0119tych terenach. Ka\u017cdy niech oceni z w\u0142asnej perspektywy skutki tego rozkazu. <a class=\"continue-reading-link\" href=\"https:\/\/fundacjasilesia.eu\/?page_id=811\">Czytaj dalej&#8230; <span class=\"meta-nav\">&rarr; <\/span><\/a><\/p>\n","protected":false},"author":2,"featured_media":812,"parent":26,"menu_order":1,"comment_status":"closed","ping_status":"closed","template":"","meta":{"ngg_post_thumbnail":0},"categories":[18],"tags":[],"_links":{"self":[{"href":"https:\/\/fundacjasilesia.eu\/index.php?rest_route=\/wp\/v2\/pages\/811"}],"collection":[{"href":"https:\/\/fundacjasilesia.eu\/index.php?rest_route=\/wp\/v2\/pages"}],"about":[{"href":"https:\/\/fundacjasilesia.eu\/index.php?rest_route=\/wp\/v2\/types\/page"}],"author":[{"embeddable":true,"href":"https:\/\/fundacjasilesia.eu\/index.php?rest_route=\/wp\/v2\/users\/2"}],"replies":[{"embeddable":true,"href":"https:\/\/fundacjasilesia.eu\/index.php?rest_route=%2Fwp%2Fv2%2Fcomments&post=811"}],"version-history":[{"count":6,"href":"https:\/\/fundacjasilesia.eu\/index.php?rest_route=\/wp\/v2\/pages\/811\/revisions"}],"predecessor-version":[{"id":822,"href":"https:\/\/fundacjasilesia.eu\/index.php?rest_route=\/wp\/v2\/pages\/811\/revisions\/822"}],"up":[{"embeddable":true,"href":"https:\/\/fundacjasilesia.eu\/index.php?rest_route=\/wp\/v2\/pages\/26"}],"wp:featuredmedia":[{"embeddable":true,"href":"https:\/\/fundacjasilesia.eu\/index.php?rest_route=\/wp\/v2\/media\/812"}],"wp:attachment":[{"href":"https:\/\/fundacjasilesia.eu\/index.php?rest_route=%2Fwp%2Fv2%2Fmedia&parent=811"}],"wp:term":[{"taxonomy":"category","embeddable":true,"href":"https:\/\/fundacjasilesia.eu\/index.php?rest_route=%2Fwp%2Fv2%2Fcategories&post=811"},{"taxonomy":"post_tag","embeddable":true,"href":"https:\/\/fundacjasilesia.eu\/index.php?rest_route=%2Fwp%2Fv2%2Ftags&post=811"}],"curies":[{"name":"wp","href":"https:\/\/api.w.org\/{rel}","templated":true}]}}